{"id":53,"date":"2023-08-28T17:27:50","date_gmt":"2023-08-28T15:27:50","guid":{"rendered":"https:\/\/wordpress.nibis.de\/wbsbram\/?page_id=53"},"modified":"2025-05-22T10:26:43","modified_gmt":"2025-05-22T08:26:43","slug":"schulprogramm","status":"publish","type":"page","link":"https:\/\/wordpress.nibis.de\/wbsbram\/schulprogramm\/","title":{"rendered":"Schulprogramm"},"content":{"rendered":"\n<p>Unser Schulprogramm wurde auf der Gesamtkonferenz am 08. Juli 2021 verabschiedet. Vorangegangen war eine intensive Arbeit in der Steuergruppe und in verschiedenen Arbeitsgruppen. Das Schulprogramm stellt die Schule und die aktuellen Entwicklungsschwerpunkte vor.<\/p>\n\n\n\n<p>Auch an den verschiedenen Entwicklungsschwerpunkten wird weiterhin gearbeitet. Jede Arbeitsgruppe hat dazu einen Arbeitsplan erstellt.<\/p>\n\n\n\n<p>Hier ist unser aktuelles Schulprogramm einzusehen:<\/p>\n\n\n\n<div data-wp-interactive=\"core\/file\" class=\"wp-block-file\"><object data-wp-bind--hidden=\"!state.hasPdfPreview\" hidden class=\"wp-block-file__embed\" data=\"https:\/\/wordpress.nibis.de\/wbsbram\/files\/2025\/05\/Schulprogramm-05-2025.pdf\" type=\"application\/pdf\" style=\"width:100%;height:800px\" aria-label=\"Einbettung von Einbettung von Schulprogramm-05-2025..\"><\/object><a id=\"wp-block-file--media-37ab7a57-f463-48bc-ab92-3da7b10d48c5\" href=\"https:\/\/wordpress.nibis.de\/wbsbram\/files\/2025\/05\/Schulprogramm-05-2025.pdf\" target=\"_blank\" rel=\"noreferrer noopener\">Schulprogramm-05-2025<\/a><a href=\"https:\/\/wordpress.nibis.de\/wbsbram\/files\/2025\/05\/Schulprogramm-05-2025.pdf\" class=\"wp-block-file__button\" download aria-describedby=\"wp-block-file--media-37ab7a57-f463-48bc-ab92-3da7b10d48c5\">Herunterladen<\/a><\/div>\n\n\n\n<p>&#8212;<\/p>\n\n\n\n<p>Hinsichtlich der gendergerechten Sprache haben wir uns darauf verst\u00e4ndigt, so weit wie m\u00f6glich neutrale Benennungen (z.B. die Mitarbeitenden) und dar\u00fcber hinaus im Plural immer den Binnen-Doppelpunkt zu verwenden (z.B. die Sch\u00fcler:innen).<\/p>\n","protected":false},"excerpt":{"rendered":"<p>Unser Schulprogramm wurde auf der Gesamtkonferenz am 08. Juli 2021 verabschiedet. Vorangegangen war eine intensive Arbeit in der Steuergruppe und in verschiedenen Arbeitsgruppen. Das Schulprogramm stellt die Schule und die aktuellen Entwicklungsschwerpunkte vor. Auch an den verschiedenen Entwicklungsschwerpunkten wird weiterhin gearbeitet. Jede Arbeitsgruppe hat dazu einen Arbeitsplan erstellt. Hier ist unser aktuelles Schulprogramm einzusehen: &#8212; [&hellip;]<\/p>\n","protected":false},"author":9194125,"featured_media":0,"parent":0,"menu_order":0,"comment_status":"closed","ping_status":"closed","template":"","meta":{"footnotes":""},"class_list":["post-53","page","type-page","status-publish","hentry"],"_links":{"self":[{"href":"https:\/\/wordpress.nibis.de\/wbsbram\/wp-json\/wp\/v2\/pages\/53","targetHints":{"allow":["GET"]}}],"collection":[{"href":"https:\/\/wordpress.nibis.de\/wbsbram\/wp-json\/wp\/v2\/pages"}],"about":[{"href":"https:\/\/wordpress.nibis.de\/wbsbram\/wp-json\/wp\/v2\/types\/page"}],"author":[{"embeddable":true,"href":"https:\/\/wordpress.nibis.de\/wbsbram\/wp-json\/wp\/v2\/users\/9194125"}],"replies":[{"embeddable":true,"href":"https:\/\/wordpress.nibis.de\/wbsbram\/wp-json\/wp\/v2\/comments?post=53"}],"version-history":[{"count":10,"href":"https:\/\/wordpress.nibis.de\/wbsbram\/wp-json\/wp\/v2\/pages\/53\/revisions"}],"predecessor-version":[{"id":1368,"href":"https:\/\/wordpress.nibis.de\/wbsbram\/wp-json\/wp\/v2\/pages\/53\/revisions\/1368"}],"wp:attachment":[{"href":"https:\/\/wordpress.nibis.de\/wbsbram\/wp-json\/wp\/v2\/media?parent=53"}],"curies":[{"name":"wp","href":"https:\/\/api.w.org\/{rel}","templated":true}]}}