{"id":533,"date":"2024-10-13T15:41:27","date_gmt":"2024-10-13T13:41:27","guid":{"rendered":"https:\/\/wordpress.nibis.de\/wbsbram\/?page_id=533"},"modified":"2025-03-19T16:57:00","modified_gmt":"2025-03-19T15:57:00","slug":"startseite","status":"publish","type":"page","link":"https:\/\/wordpress.nibis.de\/wbsbram\/startseite\/","title":{"rendered":"Startseite"},"content":{"rendered":"\n<div class=\"wp-block-columns are-vertically-aligned-top is-layout-flex wp-container-core-columns-is-layout-abceabcf wp-block-columns-is-layout-flex\">\n<div class=\"wp-block-column is-layout-flow wp-block-column-is-layout-flow\">\n<div class=\"wp-block-group\"><div class=\"wp-block-group__inner-container is-layout-flow wp-block-group-is-layout-flow\">\n<div class=\"wp-block-columns is-layout-flex wp-container-core-columns-is-layout-abceabcf wp-block-columns-is-layout-flex\">\n<div class=\"wp-block-column is-layout-flow wp-block-column-is-layout-flow\" style=\"--col-width:100%;flex-basis:100%\">\n<div class=\"wp-block-query is-layout-flow wp-block-query-is-layout-flow\"><ul class=\"aligncenter wp-block-post-template is-layout-flow wp-block-post-template-is-layout-flow\"><li class=\"wp-block-post post-418 post type-post status-publish format-standard has-post-thumbnail hentry category-allgemein\">\n<h2 class=\"wp-block-post-title\"><a href=\"https:\/\/wordpress.nibis.de\/wbsbram\/2024\/04\/19\/herzlich-willkommen-auf-unserer-schulhomepage\/\" target=\"_self\" >Herzlich Willkommen<\/a><\/h2>\n\n<div class=\"wp-block-post-excerpt\"><p class=\"wp-block-post-excerpt__excerpt\">Auf der Startseite unserer Homepage werden die neuesten Beitr\u00e4ge angezeigt. Weitere Beitr\u00e4ge aus dem aktuellen und dem letzten Schuljahr sind unter Schulleben zu finden. <\/p><\/div>\n\n\n<hr class=\"wp-block-separator\" \/>\n\n\n<div class=\"wp-block-post-date\"><time datetime=\"2024-04-19T13:32:53+02:00\">19. April 2024<\/time><\/div>\n<\/li><li class=\"wp-block-post post-2059 post type-post status-publish format-standard hentry category-schuljahr-2025-2026\">\n<h2 class=\"wp-block-post-title\"><a href=\"https:\/\/wordpress.nibis.de\/wbsbram\/2026\/03\/23\/gemeinsam-aktiv\/\" target=\"_self\" >Gemeinsam aktiv<\/a><\/h2>\n\n<div class=\"wp-block-post-excerpt\"><p class=\"wp-block-post-excerpt__excerpt\">Gro\u00dfe Freude und stolze Gesichter an der Wilhelm-Busch-Schule Bramsche: In einer feierlichen Veranstaltung wurde der Schule offiziell das Siegel \u201eSportfreundliche Schule\u201c verliehen. <\/p><\/div>\n\n\n<hr class=\"wp-block-separator\" \/>\n\n\n<div class=\"wp-block-post-date\"><time datetime=\"2026-03-23T11:11:24+01:00\">23. M\u00e4rz 2026<\/time><\/div>\n<\/li><li class=\"wp-block-post post-2051 post type-post status-publish format-standard hentry category-schuljahr-2025-2026\">\n<h2 class=\"wp-block-post-title\"><a href=\"https:\/\/wordpress.nibis.de\/wbsbram\/2026\/03\/22\/vielfalt-statt-vorurteile-projekttage-gegen-rassismus\/\" target=\"_self\" >Vielfalt statt Vorurteile &#8211; Projekttage gegen Rassismus<\/a><\/h2>\n\n<div class=\"wp-block-post-excerpt\"><p class=\"wp-block-post-excerpt__excerpt\">Am 16. und 17. M\u00e4rz 2026 fanden an der Wilhelm-Busch-Schule zwei intensive und lehrreiche Projekttage zum Thema Rassismuspr\u00e4vention statt. Teilgenommen haben die Sch\u00fcler:innen der Oberstufe aus den Klassen 9\u201310, 9\u201312a und 9\u201312b. <\/p><\/div>\n\n\n<hr class=\"wp-block-separator\" \/>\n\n\n<div class=\"wp-block-post-date\"><time datetime=\"2026-03-22T16:33:12+01:00\">22. M\u00e4rz 2026<\/time><\/div>\n<\/li><li class=\"wp-block-post post-2045 post type-post status-publish format-standard hentry category-schuljahr-2025-2026\">\n<h2 class=\"wp-block-post-title\"><a href=\"https:\/\/wordpress.nibis.de\/wbsbram\/2026\/03\/19\/brief-von-ministerin-hamburg-2\/\" target=\"_self\" >Brief von Ministerin Hamburg<\/a><\/h2>\n\n<div class=\"wp-block-post-excerpt\"><p class=\"wp-block-post-excerpt__excerpt\">Den Brief von Frau Ministerin Hamburg zum Schulhalbjahr finden Sie\u00a0hier: <\/p><\/div>\n\n\n<hr class=\"wp-block-separator\" \/>\n\n\n<div class=\"wp-block-post-date\"><time datetime=\"2026-03-19T19:19:08+01:00\">19. M\u00e4rz 2026<\/time><\/div>\n<\/li><li class=\"wp-block-post post-2031 post type-post status-publish format-standard has-post-thumbnail hentry category-schuljahr-2025-2026\">\n<h2 class=\"wp-block-post-title\"><a href=\"https:\/\/wordpress.nibis.de\/wbsbram\/2026\/03\/18\/kooperation-mit-der-hph-bersenbrueck\/\" target=\"_self\" >Kooperation mit der HpH Bersenbr\u00fcck<\/a><\/h2>\n\n<div class=\"wp-block-post-excerpt\"><p class=\"wp-block-post-excerpt__excerpt\">Die Zusammenarbeit besteht seit Jahren \u2013 doch jetzt wird sie offiziell hervorgehoben: Die Wilhelm-Busch-Schule und die Bersenbr\u00fccker Gemeinn\u00fctzige Werkst\u00e4tten der HpH haben ihre bew\u00e4hrte Kooperation im Bereich der Berufsorientierung in einer gemeinsamen Vereinbarung festgehalten. <\/p><\/div>\n\n\n<hr class=\"wp-block-separator\" \/>\n\n\n<div class=\"wp-block-post-date\"><time datetime=\"2026-03-18T10:44:06+01:00\">18. M\u00e4rz 2026<\/time><\/div>\n<\/li><li class=\"wp-block-post post-2018 post type-post status-publish format-standard hentry category-schuljahr-2025-2026\">\n<h2 class=\"wp-block-post-title\"><a href=\"https:\/\/wordpress.nibis.de\/wbsbram\/2026\/03\/14\/jury-ueberzeugt-newshunter-gewinnt-zweiten-platz\/\" target=\"_self\" >Jury \u00fcberzeugt: Newshunter gewinnt zweiten Platz<\/a><\/h2>\n\n<div class=\"wp-block-post-excerpt\"><p class=\"wp-block-post-excerpt__excerpt\">Gro\u00dfe Freude an der Wilhelm-Busch-Schule Bramsche: Die Sch\u00fclerzeitung \u201eNewshunter\u201c hat beim nieders\u00e4chsischen Sch\u00fclerzeitungswettbewerb \u201eUnzensiert\u201c den zweiten Platz in der Kategorie F\u00f6rderschule erreicht. <\/p><\/div>\n\n\n<hr class=\"wp-block-separator\" \/>\n\n\n<div class=\"wp-block-post-date\"><time datetime=\"2026-03-14T11:44:01+01:00\">14. M\u00e4rz 2026<\/time><\/div>\n<\/li><\/ul><\/div>\n<\/div>\n<\/div>\n<\/div><\/div>\n<\/div>\n<\/div>\n\n\n\n<p><\/p>\n","protected":false},"excerpt":{"rendered":"","protected":false},"author":9194125,"featured_media":1189,"parent":0,"menu_order":0,"comment_status":"closed","ping_status":"closed","template":"","meta":{"footnotes":""},"class_list":["post-533","page","type-page","status-publish","has-post-thumbnail","hentry"],"_links":{"self":[{"href":"https:\/\/wordpress.nibis.de\/wbsbram\/wp-json\/wp\/v2\/pages\/533","targetHints":{"allow":["GET"]}}],"collection":[{"href":"https:\/\/wordpress.nibis.de\/wbsbram\/wp-json\/wp\/v2\/pages"}],"about":[{"href":"https:\/\/wordpress.nibis.de\/wbsbram\/wp-json\/wp\/v2\/types\/page"}],"author":[{"embeddable":true,"href":"https:\/\/wordpress.nibis.de\/wbsbram\/wp-json\/wp\/v2\/users\/9194125"}],"replies":[{"embeddable":true,"href":"https:\/\/wordpress.nibis.de\/wbsbram\/wp-json\/wp\/v2\/comments?post=533"}],"version-history":[{"count":15,"href":"https:\/\/wordpress.nibis.de\/wbsbram\/wp-json\/wp\/v2\/pages\/533\/revisions"}],"predecessor-version":[{"id":1766,"href":"https:\/\/wordpress.nibis.de\/wbsbram\/wp-json\/wp\/v2\/pages\/533\/revisions\/1766"}],"wp:featuredmedia":[{"embeddable":true,"href":"https:\/\/wordpress.nibis.de\/wbsbram\/wp-json\/wp\/v2\/media\/1189"}],"wp:attachment":[{"href":"https:\/\/wordpress.nibis.de\/wbsbram\/wp-json\/wp\/v2\/media?parent=533"}],"curies":[{"name":"wp","href":"https:\/\/api.w.org\/{rel}","templated":true}]}}