{"id":59,"date":"2023-08-28T17:28:34","date_gmt":"2023-08-28T15:28:34","guid":{"rendered":"https:\/\/wordpress.nibis.de\/wbsbram\/?page_id=59"},"modified":"2025-09-16T16:55:25","modified_gmt":"2025-09-16T14:55:25","slug":"schulleitung-und-kollegium","status":"publish","type":"page","link":"https:\/\/wordpress.nibis.de\/wbsbram\/schulleitung-und-kollegium\/","title":{"rendered":"Schulleitung und Kollegium"},"content":{"rendered":"\n<h2 class=\"wp-block-heading\">Schulleitung<\/h2>\n\n\n\n<figure class=\"wp-block-image size-large is-resized\"><img loading=\"lazy\" decoding=\"async\" src=\"https:\/\/wordpress.nibis.de\/wbsbram\/files\/2024\/03\/neue_schulleitung-1024x1024.jpg\" alt=\"\" class=\"wp-image-232\" width=\"431\" height=\"431\" srcset=\"https:\/\/wordpress.nibis.de\/wbsbram\/files\/2024\/03\/neue_schulleitung-1024x1024.jpg 1024w, https:\/\/wordpress.nibis.de\/wbsbram\/files\/2024\/03\/neue_schulleitung-300x300.jpg 300w, https:\/\/wordpress.nibis.de\/wbsbram\/files\/2024\/03\/neue_schulleitung-150x150.jpg 150w, https:\/\/wordpress.nibis.de\/wbsbram\/files\/2024\/03\/neue_schulleitung-768x768.jpg 768w, https:\/\/wordpress.nibis.de\/wbsbram\/files\/2024\/03\/neue_schulleitung-1536x1536.jpg 1536w, https:\/\/wordpress.nibis.de\/wbsbram\/files\/2024\/03\/neue_schulleitung.jpg 1920w\" sizes=\"auto, (max-width: 431px) 100vw, 431px\" \/><\/figure>\n\n\n\n<p><strong>Schulleiter (rechts):<\/strong><br>Julian Schreiber<\/p>\n\n\n\n<p><strong>Stellvertretende Schulleiterin (links):<\/strong><br>Marita Kleene-Schleper<br><br><\/p>\n\n\n\n<h2 class=\"wp-block-heading\">Kollegium<\/h2>\n\n\n\n<figure class=\"wp-block-image size-large\"><img loading=\"lazy\" decoding=\"async\" width=\"1024\" height=\"679\" src=\"https:\/\/wordpress.nibis.de\/wbsbram\/files\/2025\/08\/DSC06536-1024x679.jpg\" alt=\"\" class=\"wp-image-1493\" srcset=\"https:\/\/wordpress.nibis.de\/wbsbram\/files\/2025\/08\/DSC06536-1024x679.jpg 1024w, https:\/\/wordpress.nibis.de\/wbsbram\/files\/2025\/08\/DSC06536-300x199.jpg 300w, https:\/\/wordpress.nibis.de\/wbsbram\/files\/2025\/08\/DSC06536-768x509.jpg 768w, https:\/\/wordpress.nibis.de\/wbsbram\/files\/2025\/08\/DSC06536-1536x1019.jpg 1536w, https:\/\/wordpress.nibis.de\/wbsbram\/files\/2025\/08\/DSC06536-2048x1358.jpg 2048w, https:\/\/wordpress.nibis.de\/wbsbram\/files\/2025\/08\/DSC06536-75x50.jpg 75w\" sizes=\"auto, (max-width: 1024px) 100vw, 1024px\" \/><\/figure>\n\n\n\n<p><strong>Mitarbeiter:innen<\/strong><\/p>\n\n\n\n<p>49 F\u00f6rderschullehrer:innen, davon ca. 30 an der WBS<br>2 Lehramtsanw\u00e4rter:innen<br>14 P\u00e4dagogische Fachkr\u00e4fte in unterrichtsbegleitender Funktion, davon 12 an der WBS<br>3 Ergotherapeut:innen<br>1 Logop\u00e4din<\/p>\n\n\n\n<p>1 Sekret\u00e4rin, 1 Hausmeister<\/p>\n\n\n\n<p>+ verschiedene Praktikant:innen und Vertretungslehrer:innen<\/p>\n","protected":false},"excerpt":{"rendered":"<p>Schulleitung Schulleiter (rechts):Julian Schreiber Stellvertretende Schulleiterin (links):Marita Kleene-Schleper Kollegium Mitarbeiter:innen 49 F\u00f6rderschullehrer:innen, davon ca. 30 an der WBS2 Lehramtsanw\u00e4rter:innen14 P\u00e4dagogische Fachkr\u00e4fte in unterrichtsbegleitender Funktion, davon 12 an der WBS3 Ergotherapeut:innen1 Logop\u00e4din 1 Sekret\u00e4rin, 1 Hausmeister + verschiedene Praktikant:innen und Vertretungslehrer:innen<\/p>\n","protected":false},"author":9194125,"featured_media":0,"parent":0,"menu_order":0,"comment_status":"closed","ping_status":"closed","template":"","meta":{"footnotes":""},"class_list":["post-59","page","type-page","status-publish","hentry"],"_links":{"self":[{"href":"https:\/\/wordpress.nibis.de\/wbsbram\/wp-json\/wp\/v2\/pages\/59","targetHints":{"allow":["GET"]}}],"collection":[{"href":"https:\/\/wordpress.nibis.de\/wbsbram\/wp-json\/wp\/v2\/pages"}],"about":[{"href":"https:\/\/wordpress.nibis.de\/wbsbram\/wp-json\/wp\/v2\/types\/page"}],"author":[{"embeddable":true,"href":"https:\/\/wordpress.nibis.de\/wbsbram\/wp-json\/wp\/v2\/users\/9194125"}],"replies":[{"embeddable":true,"href":"https:\/\/wordpress.nibis.de\/wbsbram\/wp-json\/wp\/v2\/comments?post=59"}],"version-history":[{"count":16,"href":"https:\/\/wordpress.nibis.de\/wbsbram\/wp-json\/wp\/v2\/pages\/59\/revisions"}],"predecessor-version":[{"id":1494,"href":"https:\/\/wordpress.nibis.de\/wbsbram\/wp-json\/wp\/v2\/pages\/59\/revisions\/1494"}],"wp:attachment":[{"href":"https:\/\/wordpress.nibis.de\/wbsbram\/wp-json\/wp\/v2\/media?parent=59"}],"curies":[{"name":"wp","href":"https:\/\/api.w.org\/{rel}","templated":true}]}}