{"id":740,"date":"2024-12-02T17:47:30","date_gmt":"2024-12-02T16:47:30","guid":{"rendered":"https:\/\/wordpress.nibis.de\/wbsbram\/?page_id=740"},"modified":"2025-02-12T08:22:27","modified_gmt":"2025-02-12T07:22:27","slug":"praktikum","status":"publish","type":"page","link":"https:\/\/wordpress.nibis.de\/wbsbram\/infos\/praktikum\/","title":{"rendered":"Praktikum an der WBS"},"content":{"rendered":"\n<p>Wir haben ein stetiges Interesse daran, Menschen auf ihrem Ausbildungsweg zu unterst\u00fctzen und passend zu begleiten. Schaut doch mal, ob f\u00fcr euch auch etwas dabei ist!<\/p>\n\n\n\n<p><strong>M\u00f6gliche Einsatzbereiche:<\/strong><\/p>\n\n\n\n<ul class=\"wp-block-list\"><li>Erziehung<\/li><li>Heilerziehungspflege<\/li><li>Sozialp\u00e4dagogik<\/li><li>Ergotherapie<\/li><li>Logop\u00e4die<\/li><li>Sonderp\u00e4dagogik (Lehramt)<\/li><\/ul>\n\n\n\n<p><strong>Praktikumszeitraum:<\/strong><\/p>\n\n\n\n<p>Da unsere gesamte Arbeit von Beziehung lebt und profitiert, k\u00f6nnen Praktikant:innen sich f\u00fcr einen Zeitraum von mindestens 3 Wochen bewerben.<\/p>\n\n\n\n<p>Sch\u00fclerpraktika sind auch f\u00fcr einen k\u00fcrzeren Zeitraum m\u00f6glich.&nbsp;<\/p>\n\n\n\n<p><strong>Bewerbung:<\/strong><\/p>\n\n\n\n<p>Wir freuen uns auf deine vollst\u00e4ndigen Bewerbungsunterlagen: &#8211; Anschreiben &#8211; Lebenslauf &#8211; wichtige Informationen zu den Rahmenbedingungen f\u00fcr deine Ausbildung (z.B. Wer darf dich betreuen? Welche Leistungen musst du erbringen?)<\/p>\n\n\n\n<p>Deine Anfrage erreicht uns unter <a href=\"mailto:prakt&#105;&#107;&#117;&#109;&#64;&#119;&#98;&#115;&#45;&#98;&#114;&#97;&#109;&#115;&#99;&#x68;&#x65;&#x2e;&#x64;&#x65;\">&#112;r&#x61;k&#x74;&#105;&#x6b;&#117;&#x6d;&#64;w&#x62;s&#x2d;&#98;&#x72;&#97;&#x6d;&#115;&#x63;&#104;e&#x2e;d&#x65;<\/a><\/p>\n\n\n\n<p><strong>Hospitation<\/strong>:<\/p>\n\n\n\n<p>Bevor wir dir eine endg\u00fcltige Zusage f\u00fcr ein Praktikum im Bereich Erziehung, Heilerziehungspflege, Sozialp\u00e4dagogik, Ergotherapie oder Logop\u00e4die geben k\u00f6nnen, sollte eine Hospitation in der jeweiligen Lerngruppe stattfinden.<\/p>\n\n\n\n<p>Wir freuen uns auf dich!<\/p>\n","protected":false},"excerpt":{"rendered":"<p>Wir haben ein stetiges Interesse daran, Menschen auf ihrem Ausbildungsweg zu unterst\u00fctzen und passend zu begleiten. Schaut doch mal, ob f\u00fcr euch auch etwas dabei ist! M\u00f6gliche Einsatzbereiche: Erziehung Heilerziehungspflege Sozialp\u00e4dagogik Ergotherapie Logop\u00e4die Sonderp\u00e4dagogik (Lehramt) Praktikumszeitraum: Da unsere gesamte Arbeit von Beziehung lebt und profitiert, k\u00f6nnen Praktikant:innen sich f\u00fcr einen Zeitraum von mindestens 3 Wochen [&hellip;]<\/p>\n","protected":false},"author":9194125,"featured_media":0,"parent":103,"menu_order":0,"comment_status":"closed","ping_status":"closed","template":"","meta":{"footnotes":""},"class_list":["post-740","page","type-page","status-publish","hentry"],"_links":{"self":[{"href":"https:\/\/wordpress.nibis.de\/wbsbram\/wp-json\/wp\/v2\/pages\/740","targetHints":{"allow":["GET"]}}],"collection":[{"href":"https:\/\/wordpress.nibis.de\/wbsbram\/wp-json\/wp\/v2\/pages"}],"about":[{"href":"https:\/\/wordpress.nibis.de\/wbsbram\/wp-json\/wp\/v2\/types\/page"}],"author":[{"embeddable":true,"href":"https:\/\/wordpress.nibis.de\/wbsbram\/wp-json\/wp\/v2\/users\/9194125"}],"replies":[{"embeddable":true,"href":"https:\/\/wordpress.nibis.de\/wbsbram\/wp-json\/wp\/v2\/comments?post=740"}],"version-history":[{"count":3,"href":"https:\/\/wordpress.nibis.de\/wbsbram\/wp-json\/wp\/v2\/pages\/740\/revisions"}],"predecessor-version":[{"id":1099,"href":"https:\/\/wordpress.nibis.de\/wbsbram\/wp-json\/wp\/v2\/pages\/740\/revisions\/1099"}],"up":[{"embeddable":true,"href":"https:\/\/wordpress.nibis.de\/wbsbram\/wp-json\/wp\/v2\/pages\/103"}],"wp:attachment":[{"href":"https:\/\/wordpress.nibis.de\/wbsbram\/wp-json\/wp\/v2\/media?parent=740"}],"curies":[{"name":"wp","href":"https:\/\/api.w.org\/{rel}","templated":true}]}}