{"id":77,"date":"2023-08-28T17:41:07","date_gmt":"2023-08-28T15:41:07","guid":{"rendered":"https:\/\/wordpress.nibis.de\/wbsbram\/?page_id=77"},"modified":"2024-12-15T11:08:51","modified_gmt":"2024-12-15T10:08:51","slug":"therapie","status":"publish","type":"page","link":"https:\/\/wordpress.nibis.de\/wbsbram\/therapie\/","title":{"rendered":"Therapie"},"content":{"rendered":"\n<p>F\u00fcr Sch\u00fclerinnen und Sch\u00fcler aus dem Schwerpunkt Geistige Entwicklung gibt es an der Wilhelm-Busch-Schule zus\u00e4tzlich zum Unterricht auch therapeutische Angebote: Ergotherapie, Logop\u00e4die und Reittherapie.<br><br>Die Behandlung erfolgt in enger Absprache mit den P\u00e4dagog:innen und in der Regel in Einzeltherapie oder in Kleinstgruppen.<a href=\"https:\/\/www.wbs-bramsche.net\/content\/0000019872107721c\/00000198721079422\/2259169b5e0a51209\/\"><\/a><\/p>\n\n\n\n<h3 class=\"wp-block-heading\"><a href=\"https:\/\/wordpress.nibis.de\/wbsbram\/therapie\/ergotherapie\/\" data-type=\"page\" data-id=\"906\">ERGOTHERAPIE<\/a><\/h3>\n\n\n\n<p><a href=\"https:\/\/www.wbs-bramsche.net\/content\/0000019872107721c\/00000198721079422\/2259169b5e0a5200b\/\"><\/a><\/p>\n\n\n\n<p><\/p>\n\n\n\n<h3 class=\"wp-block-heading\"><a href=\"https:\/\/wordpress.nibis.de\/wbsbram\/therapie\/logopaedie\/\" data-type=\"page\" data-id=\"908\">LOGOP\u00c4DIE<\/a><\/h3>\n\n\n\n<p><\/p>\n\n\n\n<p><a href=\"https:\/\/www.wbs-bramsche.net\/content\/0000019872107721c\/00000198721079422\/225918a5b00e00801\/\"><\/a><\/p>\n\n\n\n<h3 class=\"wp-block-heading\"><a href=\"https:\/\/wordpress.nibis.de\/wbsbram\/therapie\/reittherapie\/\" data-type=\"page\" data-id=\"910\">REITTHERAPIE<\/a><\/h3>\n\n\n\n<p><\/p>\n\n\n\n<p><br><\/p>\n","protected":false},"excerpt":{"rendered":"<p>F\u00fcr Sch\u00fclerinnen und Sch\u00fcler aus dem Schwerpunkt Geistige Entwicklung gibt es an der Wilhelm-Busch-Schule zus\u00e4tzlich zum Unterricht auch therapeutische Angebote: Ergotherapie, Logop\u00e4die und Reittherapie. Die Behandlung erfolgt in enger Absprache mit den P\u00e4dagog:innen und in der Regel in Einzeltherapie oder in Kleinstgruppen. ERGOTHERAPIE LOGOP\u00c4DIE REITTHERAPIE<\/p>\n","protected":false},"author":9194125,"featured_media":0,"parent":0,"menu_order":0,"comment_status":"closed","ping_status":"closed","template":"","meta":{"footnotes":""},"class_list":["post-77","page","type-page","status-publish","hentry"],"_links":{"self":[{"href":"https:\/\/wordpress.nibis.de\/wbsbram\/wp-json\/wp\/v2\/pages\/77","targetHints":{"allow":["GET"]}}],"collection":[{"href":"https:\/\/wordpress.nibis.de\/wbsbram\/wp-json\/wp\/v2\/pages"}],"about":[{"href":"https:\/\/wordpress.nibis.de\/wbsbram\/wp-json\/wp\/v2\/types\/page"}],"author":[{"embeddable":true,"href":"https:\/\/wordpress.nibis.de\/wbsbram\/wp-json\/wp\/v2\/users\/9194125"}],"replies":[{"embeddable":true,"href":"https:\/\/wordpress.nibis.de\/wbsbram\/wp-json\/wp\/v2\/comments?post=77"}],"version-history":[{"count":6,"href":"https:\/\/wordpress.nibis.de\/wbsbram\/wp-json\/wp\/v2\/pages\/77\/revisions"}],"predecessor-version":[{"id":920,"href":"https:\/\/wordpress.nibis.de\/wbsbram\/wp-json\/wp\/v2\/pages\/77\/revisions\/920"}],"wp:attachment":[{"href":"https:\/\/wordpress.nibis.de\/wbsbram\/wp-json\/wp\/v2\/media?parent=77"}],"curies":[{"name":"wp","href":"https:\/\/api.w.org\/{rel}","templated":true}]}}