{"id":908,"date":"2024-12-15T10:53:07","date_gmt":"2024-12-15T09:53:07","guid":{"rendered":"https:\/\/wordpress.nibis.de\/wbsbram\/?page_id=908"},"modified":"2024-12-15T10:53:08","modified_gmt":"2024-12-15T09:53:08","slug":"logopaedie","status":"publish","type":"page","link":"https:\/\/wordpress.nibis.de\/wbsbram\/therapie\/logopaedie\/","title":{"rendered":"Logop\u00e4die"},"content":{"rendered":"\n<p>In der Logop\u00e4die werden St\u00f6rungen der Sprache und des Sprechens behandelt.<\/p>\n\n\n\n<p>\u201c<strong><em>VERSTEHEN UND MITTEILEN K\u00d6NNEN IST DIE BASIS F\u00dcR JEGLICHE KOMMUNIKATION<\/em><\/strong>\u201c<\/p>\n\n\n\n<h2 class=\"wp-block-heading\">Allgemeines:<\/h2>\n\n\n\n<p>Die Sprachtherapie wird f\u00fcr die Sch\u00fclerinnen und Sch\u00fcler im Bereich \u201cGeistige Entwicklung\u201d angeboten.<br>Sie erfolgt in Einzelf\u00f6rderung, um auf die jeweilige Problematik gezielt eingehen zu k\u00f6nnen.<br>Nach Durchf\u00fchrung der Diagnostik werden darauf aufbauend die Ziele festgelegt und die Therapie geplant.<\/p>\n\n\n\n<h2 class=\"wp-block-heading\">Behandelt werden:<\/h2>\n\n\n\n<ul class=\"wp-block-list\"><li>Dyslalien &gt; Aussprachest\u00f6rungen<\/li><li>Dysgrammatismus &gt; Probleme in der Wort- und Satzbildung<\/li><li>Stottern<\/li><li>Stimmproblematiken &gt; z.B. heisere Stimme<\/li><li>Myofunktionelle St\u00f6rungen &gt; Fehlfunktionen von Kau-, Schluck- und Gesichtsmuskulatur<\/li><li>Wortschatzprobleme &gt; d.h., der Wortschatzumfang ist zu gering oder es bestehen Probleme die W\u00f6rter in einen Zusammenhang zu bringen<\/li><li>Pragmatische St\u00f6rungen &lt; Probleme, beim Gespr\u00e4ch den Gegen\u00fcber anzuschauen, auf Fragen zu antworten, sich beim Spielen an Regeln zu halten etc.<\/li><li>Sprachverst\u00e4ndnisprobleme &gt; Probleme, S\u00e4tze, Fragen und somit Zusammenh\u00e4nge und Anforderungen zu verstehen<\/li><li>Lese- und Rechtschreibschwierigkeiten<\/li><li>Auditive Wahrnehmungs-, Merkf\u00e4higkeits- und Verarbeitungsst\u00f6rungen<\/li><\/ul>\n","protected":false},"excerpt":{"rendered":"<p>In der Logop\u00e4die werden St\u00f6rungen der Sprache und des Sprechens behandelt. \u201cVERSTEHEN UND MITTEILEN K\u00d6NNEN IST DIE BASIS F\u00dcR JEGLICHE KOMMUNIKATION\u201c Allgemeines: Die Sprachtherapie wird f\u00fcr die Sch\u00fclerinnen und Sch\u00fcler im Bereich \u201cGeistige Entwicklung\u201d angeboten.Sie erfolgt in Einzelf\u00f6rderung, um auf die jeweilige Problematik gezielt eingehen zu k\u00f6nnen.Nach Durchf\u00fchrung der Diagnostik werden darauf aufbauend die Ziele [&hellip;]<\/p>\n","protected":false},"author":9194125,"featured_media":0,"parent":77,"menu_order":0,"comment_status":"closed","ping_status":"closed","template":"","meta":{"footnotes":""},"class_list":["post-908","page","type-page","status-publish","hentry"],"_links":{"self":[{"href":"https:\/\/wordpress.nibis.de\/wbsbram\/wp-json\/wp\/v2\/pages\/908","targetHints":{"allow":["GET"]}}],"collection":[{"href":"https:\/\/wordpress.nibis.de\/wbsbram\/wp-json\/wp\/v2\/pages"}],"about":[{"href":"https:\/\/wordpress.nibis.de\/wbsbram\/wp-json\/wp\/v2\/types\/page"}],"author":[{"embeddable":true,"href":"https:\/\/wordpress.nibis.de\/wbsbram\/wp-json\/wp\/v2\/users\/9194125"}],"replies":[{"embeddable":true,"href":"https:\/\/wordpress.nibis.de\/wbsbram\/wp-json\/wp\/v2\/comments?post=908"}],"version-history":[{"count":1,"href":"https:\/\/wordpress.nibis.de\/wbsbram\/wp-json\/wp\/v2\/pages\/908\/revisions"}],"predecessor-version":[{"id":909,"href":"https:\/\/wordpress.nibis.de\/wbsbram\/wp-json\/wp\/v2\/pages\/908\/revisions\/909"}],"up":[{"embeddable":true,"href":"https:\/\/wordpress.nibis.de\/wbsbram\/wp-json\/wp\/v2\/pages\/77"}],"wp:attachment":[{"href":"https:\/\/wordpress.nibis.de\/wbsbram\/wp-json\/wp\/v2\/media?parent=908"}],"curies":[{"name":"wp","href":"https:\/\/api.w.org\/{rel}","templated":true}]}}